{"id":681,"date":"2025-07-31T14:37:08","date_gmt":"2025-07-31T12:37:08","guid":{"rendered":"http:\/\/frpg.pl\/?page_id=681"},"modified":"2025-07-31T14:37:08","modified_gmt":"2025-07-31T12:37:08","slug":"bohaterka-bohater-regionu","status":"publish","type":"page","link":"http:\/\/frpg.pl\/?page_id=681","title":{"rendered":"Bohaterka &#8211; Bohater Regionu"},"content":{"rendered":"\n<figure data-wp-context=\"{&quot;imageId&quot;:&quot;69e381a7cdff6&quot;}\" data-wp-interactive=\"core\/image\" data-wp-key=\"69e381a7cdff6\" class=\"wp-block-image size-large wp-lightbox-container\"><img loading=\"lazy\" decoding=\"async\" width=\"1024\" height=\"564\" data-wp-class--hide=\"state.isContentHidden\" data-wp-class--show=\"state.isContentVisible\" data-wp-init=\"callbacks.setButtonStyles\" data-wp-on--click=\"actions.showLightbox\" data-wp-on--load=\"callbacks.setButtonStyles\" data-wp-on-window--resize=\"callbacks.setButtonStyles\" src=\"http:\/\/frpg.pl\/wp-content\/uploads\/2025\/07\/stat_post-1024x564.jpg\" alt=\"\" class=\"wp-image-682\" srcset=\"http:\/\/frpg.pl\/wp-content\/uploads\/2025\/07\/stat_post-1024x564.jpg 1024w, http:\/\/frpg.pl\/wp-content\/uploads\/2025\/07\/stat_post-300x165.jpg 300w, http:\/\/frpg.pl\/wp-content\/uploads\/2025\/07\/stat_post-768x423.jpg 768w, http:\/\/frpg.pl\/wp-content\/uploads\/2025\/07\/stat_post.jpg 1459w\" sizes=\"auto, (max-width: 767px) 89vw, (max-width: 1000px) 54vw, (max-width: 1071px) 543px, 580px\" \/><button\n\t\t\tclass=\"lightbox-trigger\"\n\t\t\ttype=\"button\"\n\t\t\taria-haspopup=\"dialog\"\n\t\t\taria-label=\"Powi\u0119ksz\"\n\t\t\tdata-wp-init=\"callbacks.initTriggerButton\"\n\t\t\tdata-wp-on--click=\"actions.showLightbox\"\n\t\t\tdata-wp-style--right=\"state.imageButtonRight\"\n\t\t\tdata-wp-style--top=\"state.imageButtonTop\"\n\t\t>\n\t\t\t<svg xmlns=\"http:\/\/www.w3.org\/2000\/svg\" width=\"12\" height=\"12\" fill=\"none\" viewBox=\"0 0 12 12\">\n\t\t\t\t<path fill=\"#fff\" d=\"M2 0a2 2 0 0 0-2 2v2h1.5V2a.5.5 0 0 1 .5-.5h2V0H2Zm2 10.5H2a.5.5 0 0 1-.5-.5V8H0v2a2 2 0 0 0 2 2h2v-1.5ZM8 12v-1.5h2a.5.5 0 0 0 .5-.5V8H12v2a2 2 0 0 1-2 2H8Zm2-12a2 2 0 0 1 2 2v2h-1.5V2a.5.5 0 0 0-.5-.5H8V0h2Z\" \/>\n\t\t\t<\/svg>\n\t\t<\/button><\/figure>\n\n\n\n<p>Szanowni Mieszka\u0144cy Regionu Zachodniopomorskiego,<\/p>\n\n\n\n<p>Zarz\u0105d Fundacji Region Powiat Gmina podj\u0105\u0142 uchwa\u0142\u0119, na podstawie kt\u00f3rej chcemy uhonorowa\u0107 osoby dzia\u0142aj\u0105ce na rzecz lokalnych spo\u0142eczno\u015bci. Osoby wspieraj\u0105ce rozw\u00f3j naszych Ma\u0142ych Ojczyzn z terenu wojew\u00f3dztwa zachodniopomorskiego otrzymaj\u0105 pami\u0105tkowe statuetki naszej Fundacji za dzia\u0142alno\u015b\u0107 w latach 2024 \u2013 2025.<\/p>\n\n\n\n<p>W zwi\u0105zku z tym prosimy o przesy\u0142anie wniosku &#8211; zg\u0142oszenia (pdf do pobrania poni\u017cej). Wype\u0142niony wniosek prosimy przesy\u0142a\u0107 do ko\u0144ca sierpnia 2025 r.<\/p>\n\n\n\n<p>Wnioski zostan\u0105 rozpatrzone przez Kapitu\u0142\u0119 Fundacji Region Powiat Gmina. Ilo\u015b\u0107 statuetek jest ograniczona.<\/p>\n\n\n\n<p>Statuetki zostan\u0105 przyznane w kategoriach: 1. Samorz\u0105dowiec Regionu, 2. Przedsi\u0119biorca Regionu, 3. Dzia\u0142acz Spo\u0142eczny Regionu.<\/p>\n\n\n\n<p>Zapraszamy do wsp\u00f3\u0142pracy.<\/p>\n\n\n\n<p><em>Zarz\u0105d Fundacji Region Powiat Gmina<\/em><\/p>\n\n\n\n<div class=\"wp-block-file has-light-green-cyan-background-color has-background\"><a id=\"wp-block-file--media-3ea72a96-a0c9-440b-8e0e-adf0165a1120\" href=\"http:\/\/frpg.pl\/wp-content\/uploads\/2025\/07\/Wniosek-Bohaterka-Bohater-Regionu.pdf\">Wniosek Bohaterka &#8211; Bohater Regionu<\/a><a href=\"http:\/\/frpg.pl\/wp-content\/uploads\/2025\/07\/Wniosek-Bohaterka-Bohater-Regionu.pdf\" class=\"wp-block-file__button wp-element-button\" download aria-describedby=\"wp-block-file--media-3ea72a96-a0c9-440b-8e0e-adf0165a1120\">Pobierz<\/a><\/div>\n\n\n\n<p><\/p>\n\n\n\n<div class=\"wp-block-file has-pale-cyan-blue-background-color has-background\"><a id=\"wp-block-file--media-a7c581a5-ae12-45a2-b46c-131d0799548f\" href=\"http:\/\/frpg.pl\/wp-content\/uploads\/2025\/07\/Regulamin-Bohaterka-Bohater-Regionu.pdf\">Regulamin Bohaterka &#8211; Bohater Regionu<\/a><a href=\"http:\/\/frpg.pl\/wp-content\/uploads\/2025\/07\/Regulamin-Bohaterka-Bohater-Regionu.pdf\" class=\"wp-block-file__button wp-element-button\" download aria-describedby=\"wp-block-file--media-a7c581a5-ae12-45a2-b46c-131d0799548f\">Pobierz<\/a><\/div>\n\n\n\n<p><\/p>\n","protected":false},"excerpt":{"rendered":"<p>Szanowni Mieszka\u0144cy Regionu Zachodniopomorskiego, Zarz\u0105d Fundacji Region Powiat Gmina podj\u0105\u0142 uchwa\u0142\u0119, na podstawie kt\u00f3rej chcemy uhonorowa\u0107 osoby dzia\u0142aj\u0105ce na rzecz lokalnych spo\u0142eczno\u015bci. Osoby wspieraj\u0105ce rozw\u00f3j naszych Ma\u0142ych Ojczyzn z terenu wojew\u00f3dztwa zachodniopomorskiego otrzymaj\u0105 pami\u0105tkowe statuetki naszej Fundacji za dzia\u0142alno\u015b\u0107 w latach 2024 \u2013 2025. W zwi\u0105zku z tym prosimy o przesy\u0142anie wniosku &#8211; zg\u0142oszenia (pdf &hellip; <\/p>\n<p class=\"link-more\"><a href=\"http:\/\/frpg.pl\/?page_id=681\" class=\"more-link\">Czytaj dalej<span class=\"screen-reader-text\"> \u201eBohaterka &#8211; Bohater Regionu\u201d<\/span><\/a><\/p>\n","protected":false},"author":1,"featured_media":0,"parent":0,"menu_order":0,"comment_status":"closed","ping_status":"closed","template":"","meta":{"footnotes":""},"class_list":["post-681","page","type-page","status-publish","hentry"],"_links":{"self":[{"href":"http:\/\/frpg.pl\/index.php?rest_route=\/wp\/v2\/pages\/681","targetHints":{"allow":["GET"]}}],"collection":[{"href":"http:\/\/frpg.pl\/index.php?rest_route=\/wp\/v2\/pages"}],"about":[{"href":"http:\/\/frpg.pl\/index.php?rest_route=\/wp\/v2\/types\/page"}],"author":[{"embeddable":true,"href":"http:\/\/frpg.pl\/index.php?rest_route=\/wp\/v2\/users\/1"}],"replies":[{"embeddable":true,"href":"http:\/\/frpg.pl\/index.php?rest_route=%2Fwp%2Fv2%2Fcomments&post=681"}],"version-history":[{"count":1,"href":"http:\/\/frpg.pl\/index.php?rest_route=\/wp\/v2\/pages\/681\/revisions"}],"predecessor-version":[{"id":685,"href":"http:\/\/frpg.pl\/index.php?rest_route=\/wp\/v2\/pages\/681\/revisions\/685"}],"wp:attachment":[{"href":"http:\/\/frpg.pl\/index.php?rest_route=%2Fwp%2Fv2%2Fmedia&parent=681"}],"curies":[{"name":"wp","href":"https:\/\/api.w.org\/{rel}","templated":true}]}}