{"id":38,"date":"2023-10-23T08:01:10","date_gmt":"2023-10-23T06:01:10","guid":{"rendered":"http:\/\/xn--czynasgminamaszewo-hcc33j.pl\/?page_id=38"},"modified":"2026-03-15T19:48:10","modified_gmt":"2026-03-15T18:48:10","slug":"sprawozdania","status":"publish","type":"page","link":"http:\/\/frpg.pl\/?page_id=38","title":{"rendered":"Sprawozdania"},"content":{"rendered":"\n<p>Sprawozdania z dzia\u0142alno\u015bci s\u0105 dost\u0119pne w Repozytorium Dokument\u00f3w Finansowych KRS, a sprawozdania merytoryczne w <a href=\"https:\/\/www.gov.pl\/web\/rodzina\/wykaz-fundacji-nadzorowanych-przez-ministra-rodziny-pracy-i-polityki-spolecznej\">Ministerstwo Rodziny, Pracy i Polityki Spo\u0142ecznej<\/a>. Zach\u0119camy do zapoznania si\u0119.<\/p>\n","protected":false},"excerpt":{"rendered":"<p>Sprawozdania z dzia\u0142alno\u015bci s\u0105 dost\u0119pne w Repozytorium Dokument\u00f3w Finansowych KRS, a sprawozdania merytoryczne w Ministerstwo Rodziny, Pracy i Polityki Spo\u0142ecznej. Zach\u0119camy do zapoznania si\u0119.<\/p>\n","protected":false},"author":1,"featured_media":0,"parent":0,"menu_order":0,"comment_status":"closed","ping_status":"closed","template":"","meta":{"footnotes":""},"class_list":["post-38","page","type-page","status-publish","hentry"],"_links":{"self":[{"href":"http:\/\/frpg.pl\/index.php?rest_route=\/wp\/v2\/pages\/38","targetHints":{"allow":["GET"]}}],"collection":[{"href":"http:\/\/frpg.pl\/index.php?rest_route=\/wp\/v2\/pages"}],"about":[{"href":"http:\/\/frpg.pl\/index.php?rest_route=\/wp\/v2\/types\/page"}],"author":[{"embeddable":true,"href":"http:\/\/frpg.pl\/index.php?rest_route=\/wp\/v2\/users\/1"}],"replies":[{"embeddable":true,"href":"http:\/\/frpg.pl\/index.php?rest_route=%2Fwp%2Fv2%2Fcomments&post=38"}],"version-history":[{"count":3,"href":"http:\/\/frpg.pl\/index.php?rest_route=\/wp\/v2\/pages\/38\/revisions"}],"predecessor-version":[{"id":1082,"href":"http:\/\/frpg.pl\/index.php?rest_route=\/wp\/v2\/pages\/38\/revisions\/1082"}],"wp:attachment":[{"href":"http:\/\/frpg.pl\/index.php?rest_route=%2Fwp%2Fv2%2Fmedia&parent=38"}],"curies":[{"name":"wp","href":"https:\/\/api.w.org\/{rel}","templated":true}]}}