{"id":32,"date":"2023-10-23T08:00:03","date_gmt":"2023-10-23T06:00:03","guid":{"rendered":"http:\/\/xn--czynasgminamaszewo-hcc33j.pl\/?page_id=32"},"modified":"2025-03-13T17:35:51","modified_gmt":"2025-03-13T16:35:51","slug":"kontakt-zglos-sprawe","status":"publish","type":"page","link":"http:\/\/frpg.pl\/?page_id=32","title":{"rendered":"Kontakt \/ Zg\u0142o\u015b spraw\u0119"},"content":{"rendered":"\n<p><strong>Biuro:<\/strong><br><\/p>\n\n\n\n<p>73-110 Stargard,<br>ul. Pierwszej Brygady 35<br>(pok. 504)<\/p>\n\n\n\n<p><strong>Tel. 722 005 063<\/strong><br>E-mail: biuro@frpg.pl<\/p>\n\n\n\n<iframe src=\"https:\/\/www.google.com\/maps\/embed?pb=!1m18!1m12!1m3!1d2382.048026662012!2d15.02274327606745!3d53.34239647501983!2m3!1f0!2f0!3f0!3m2!1i1024!2i768!4f13.1!3m3!1m2!1s0x4700b9a4ce5ffd05%3A0xa0649c382af50d5c!2sPierwszej%20Brygady%2035%2C%2073-110%20Stargard!5e0!3m2!1spl!2spl!4v1717408238709!5m2!1spl!2spl\" width=\"600\" height=\"450\" style=\"border:0;\" allowfullscreen=\"\" loading=\"lazy\" referrerpolicy=\"no-referrer-when-downgrade\"><\/iframe>\n\n\n\n<p>tel. 726 004 602 (Dariusz Kropid\u0142owski, Wiceprezes)<\/p>\n\n\n\n<p>REGON: 526696678<br>NIP: 8561933242<br>KRS: 0001061482<\/p>\n\n\n\n<p>Konto MBank: 13 1140 2004 0000 3402 8422 1961<\/p>\n","protected":false},"excerpt":{"rendered":"<p>Biuro: 73-110 Stargard,ul. Pierwszej Brygady 35(pok. 504) Tel. 722 005 063E-mail: biuro@frpg.pl tel. 726 004 602 (Dariusz Kropid\u0142owski, Wiceprezes) REGON: 526696678NIP: 8561933242KRS: 0001061482 Konto MBank: 13 1140 2004 0000 3402 8422 1961<\/p>\n","protected":false},"author":1,"featured_media":0,"parent":0,"menu_order":0,"comment_status":"closed","ping_status":"closed","template":"","meta":{"footnotes":""},"class_list":["post-32","page","type-page","status-publish","hentry"],"_links":{"self":[{"href":"http:\/\/frpg.pl\/index.php?rest_route=\/wp\/v2\/pages\/32","targetHints":{"allow":["GET"]}}],"collection":[{"href":"http:\/\/frpg.pl\/index.php?rest_route=\/wp\/v2\/pages"}],"about":[{"href":"http:\/\/frpg.pl\/index.php?rest_route=\/wp\/v2\/types\/page"}],"author":[{"embeddable":true,"href":"http:\/\/frpg.pl\/index.php?rest_route=\/wp\/v2\/users\/1"}],"replies":[{"embeddable":true,"href":"http:\/\/frpg.pl\/index.php?rest_route=%2Fwp%2Fv2%2Fcomments&post=32"}],"version-history":[{"count":10,"href":"http:\/\/frpg.pl\/index.php?rest_route=\/wp\/v2\/pages\/32\/revisions"}],"predecessor-version":[{"id":561,"href":"http:\/\/frpg.pl\/index.php?rest_route=\/wp\/v2\/pages\/32\/revisions\/561"}],"wp:attachment":[{"href":"http:\/\/frpg.pl\/index.php?rest_route=%2Fwp%2Fv2%2Fmedia&parent=32"}],"curies":[{"name":"wp","href":"https:\/\/api.w.org\/{rel}","templated":true}]}}