{"id":29,"date":"2023-10-23T07:58:54","date_gmt":"2023-10-23T05:58:54","guid":{"rendered":"http:\/\/xn--czynasgminamaszewo-hcc33j.pl\/?page_id=29"},"modified":"2024-08-15T17:33:44","modified_gmt":"2024-08-15T15:33:44","slug":"polityka-prywatnosci-2","status":"publish","type":"page","link":"http:\/\/frpg.pl\/?page_id=29","title":{"rendered":"Polityka prywatno\u015bci"},"content":{"rendered":"\n<p><strong>KLAUZULA INFORMACYJNA<\/strong><br>Zgodnie z art. 13 ust. 1 i 2 rozporz\u0105dzenia Parlamentu Europejskiego i Rady (UE) 2016\/679 z dnia 27 kwietnia 2016 r. w sprawie ochrony os\u00f3b fizycznych w zwi\u0105zku z przetwarzaniem danych osobowych i w sprawie swobodnego przep\u0142ywu takich danych oraz uchylenia dyrektywy 95\/46\/ WE (Dz. Urz. UE L 119\/1 z 4.05.2016 r.) dalej RODO, informujemy, \u017ce:<br>Administratorem Pani\/Pana danych osobowych jest Fundacja Region Powiat Gmina z siedzib\u0105 w Stargardzie ul. ul. Pierwszej Brygady 35 (pok. 504).<br>Administrator dok\u0142ada wszelkich stara\u0144 w celu ochrony danych przed nieuprawnionym dost\u0119pem os\u00f3b trzecich, utrat\u0105, ujawnieniem i niew\u0142a\u015bciwym ich wykorzystaniem. Administrator zbiera dane tylko dla oznaczonych cel\u00f3w i przetwarza je zgodnie z prawem. Pa\u0144stwa dane mog\u0105 by\u0107 przekazane podmiotom uprawnionym do ich uzyskania na podstawie obowi\u0105zuj\u0105cego prawa np. organom \u015bcigania w przypadku zg\u0142oszenia przez nie takiego \u017c\u0105dania opartego na odpowiedniej podstawie prawnej. Przekazanie Pa\u0144stwa danych innym podmiotom wymaga oddzielnej umowy zawartej w formie pisemnej z Zarz\u0105dem Fundacji Region Powiat Gmina w jej pe\u0142nym 2 osobowym sk\u0142adzie (dopiero w\u00f3wczas przetwarzanie odbywa si\u0119 zgodnie z poleceniami administratora zapisanymi w umowie i pod jego nadzorem).<br>Ma Pani\/Pan prawo dost\u0119pu do swoich danych osobowych, ich sprostowania, usuni\u0119cia lub ograniczenia przetwarzania, prawo do przenoszenia danych, prawo wniesienia sprzeciwu, prawo cofni\u0119cia zgody w dowolnym momencie. Mo\u017cna tego dokona\u0107 wysy\u0142aj\u0105c elektroniczne zg\u0142oszenie na adres poczty e-mail: fprg@o2.pl.<br>Przys\u0142uguje Pani\/Panu prawo wniesienia skargi do urz\u0119du ds. G\u0142\u00f3wnego Inspektora Ochrony Danych Osobowych, gdy uzna Pani\/Pan, \u017ce przetwarzanie danych osobowych dotycz\u0105cych Pani\/Pana narusza przepisy RODO.\u00a0<em>(25.05.2018 r.)<\/em><\/p>\n\n\n\n<p><strong>Fundacja Region Powiat Gmina szanuje Twoje prawo do prywatno\u015bci.<\/strong><br>Korzystaj\u0105cy z naszych serwis\u00f3w mog\u0105 by\u0107 anonimowi. Korzystaj\u0105cy z serwis\u00f3w musz\u0105 mie\u0107 jednak \u015bwiadomo\u015b\u0107, i\u017c ich dane (np. adres IP) s\u0105 wykorzystywane przez home.pl w celach technicznych, statystycznych i wykorzystywane s\u0105 do zbierania danych og\u00f3lnych (np. z kt\u00f3rego regionu nast\u0119puje po\u0142\u0105czenie z naszym serwisem). Dane takie zapisywane s\u0105 na serwerze www.home.pl.<br>Informacje udost\u0119pniane przez u\u017cytkownik\u00f3w w trakcie korzystania z naszych serwis\u00f3w s\u0105 przechowywane przez Fundacj\u0119 Region Powiat Gmina i mog\u0105 by\u0107 wykorzystywane (w celach statystycznych) w publikacjach i wydawnictwach Fundacji Region Powiat Gmina.<br>Ka\u017cdy u\u017cytkownik serwisu mo\u017ce wybra\u0107, kiedy chce skorzysta\u0107 z naszego serwisu. Zastrzegamy sobie jednak prawo do przerw w publikowaniu nowych tre\u015bci o charakterze informacyjnym.<br>Ka\u017cdy u\u017cytkownik mo\u017ce w dowolnym momencie zaprzesta\u0107 korzystania z naszego serwisu. Korzystanie z niego jest bezp\u0142atne i dobrowolne. W przypadku ch\u0119ci skontaktowania si\u0119 z nami prosimy o wybranie zak\u0142adki \u201ekontakt\u201d.<\/p>\n\n\n\n<p><strong>COOKIES<\/strong><br>Ta strona u\u017cywa cookie. Korzystaj\u0105c ze strony wyra\u017casz zgod\u0119 na u\u017cywanie cookies, zgodnie z aktualnymi ustawieniami przegl\u0105darki.<br>***<br>Fundacja Region Powiat Gmina z siedzib\u0105 w Stargardzie, ul. Wojska Polskiego 11, KRS: 0001061482, NIP: 8561933242 , REGON: 526696678, informuje U\u017cytkownik\u00f3w jej strony www o prawo wyboru w zakresie udost\u0119pniania informacji, kt\u00f3re ich dotycz\u0105.<br>Fundacja Region Powiat Gmina informuje ponadto, \u017ce u\u017cywa na swoich stronach www tzw. plik\u00f3w cookies, kt\u00f3re s\u0142u\u017c\u0105 do rejestrowania informacji o stronach i podstronach odwiedzanych przez poszczeg\u00f3lnego u\u017cytkownika. M\u00f3wi\u0105 one r\u00f3wnie\u017c o jego aktywno\u015bci. Pliki cookies s\u0105 kojarzone z przegl\u0105dark\u0105 konkretnego komputera i utrzymuj\u0105 anonimowy charakter u\u017cytkownika (bez jego imienia i nazwiska). S\u0105 to dane zapisywane przez serwery, z kt\u00f3rych korzysta Fundacja Region Powiat Gmina (home.pl). Pliki cookies umo\u017cliwiaj\u0105 monitorowanie i zbieranie statystyk dotycz\u0105cych ruchu na stronach www.<br>U\u017cytkownik w ka\u017cdej chwili mo\u017ce usun\u0105\u0107 pliki cookies umieszczone na jego urz\u0105dzeniu za pomoc\u0105 opcji dost\u0119pnych w jego przegl\u0105darce internetowej.<br>Ka\u017cdy u\u017cytkownik mo\u017ce sprzeciwi\u0107 si\u0119 umieszczaniu plik\u00f3w cookies na jego urz\u0105dzeniu ko\u0144cowym (nale\u017cy skorzysta\u0107 z opcji wy\u0142\u0105czenia mechanizmu plik\u00f3w cookies w danej przegl\u0105darce internetowej, zar\u00f3wno na komputerach, telefonach kom\u00f3rkowych, tabletach jak i innych urz\u0105dzeniach).<br>***<br><strong>Jak wy\u0142\u0105czy\u0107 pliki cookies?<\/strong><br>W przegl\u0105darce Mozilla Firefox \u2013 w menu \u201eNarz\u0119dzia\u201d wybierz \u201eOpcje\u201d i w nich zak\u0142adk\u0119 \u201ePrywatno\u015b\u0107\u201d.<br>Masz mo\u017cliwo\u015b\u0107 zaznaczenia, \u017ce nie chcesz by\u0107 \u201e\u015bledzony w og\u00f3le\u201d albo usuni\u0119cia pojedynczych ciasteczek poszczeg\u00f3lnych witryn.<br>W przegl\u0105darce Microsoft Internet Explorer \u2013 w menu \u201eNarz\u0119dzia\u201d wybierz \u201eOpcje internetowe\u201d i w nich zak\u0142adk\u0119 \u201ePrywatno\u015b\u0107\u201d. Suwakiem mo\u017cesz regulowa\u0107 og\u00f3lny poziom prywatno\u015bci albo przyciskiem \u201eWitryny\u201d zarz\u0105dza\u0107 ustawieniami poszczeg\u00f3lnych serwis\u00f3w internetowych.<br>W przegl\u0105darce Google Chrome \u2013 w menu przegl\u0105darki (prawy g\u00f3rny r\u00f3g) wybierz \u201eNarz\u0119dzia\u201d a potem \u201eWyczy\u015b\u0107 dane przegl\u0105dania\u2026\u201d.<br>W przegl\u0105darce Opera \u2013 przyciskiem \u201eOpera\u201d (lewy g\u00f3rny r\u00f3g przegl\u0105darki) otw\u00f3rz menu i wybierz w nim \u201eUstawienia\u201d i dalej \u201eWyczy\u015b\u0107 histori\u0119 przegl\u0105dania\u2026\u201d. Opr\u00f3cz mo\u017cliwo\u015bci skasowania ju\u017c ustawionych plik\u00f3w cookie, jest te\u017c tam przycisk \u201eZarz\u0105dzaj ciasteczkami\u2026\u201d, kt\u00f3ry daje mo\u017cliwo\u015bci bardziej zaawansowane. prowadz\u0105cy do bardziej zaawansowanych opcji dla poszczeg\u00f3lnych witryn.<br>W telefonach kom\u00f3rkowych, tabletach i innych urz\u0105dzeniach mobilnych ka\u017cdy model obs\u0142uguje czyszczenia plik\u00f3w cookies w inny spos\u00f3b. Dlatego warto odwiedzi\u0107 strony internetowe producenta poszczeg\u00f3lnego urz\u0105dzenia.<\/p>\n","protected":false},"excerpt":{"rendered":"<p>KLAUZULA INFORMACYJNAZgodnie z art. 13 ust. 1 i 2 rozporz\u0105dzenia Parlamentu Europejskiego i Rady (UE) 2016\/679 z dnia 27 kwietnia 2016 r. w sprawie ochrony os\u00f3b fizycznych w zwi\u0105zku z przetwarzaniem danych osobowych i w sprawie swobodnego przep\u0142ywu takich danych oraz uchylenia dyrektywy 95\/46\/ WE (Dz. Urz. UE L 119\/1 z 4.05.2016 r.) dalej RODO, &hellip; <\/p>\n<p class=\"link-more\"><a href=\"http:\/\/frpg.pl\/?page_id=29\" class=\"more-link\">Czytaj dalej<span class=\"screen-reader-text\"> \u201ePolityka prywatno\u015bci\u201d<\/span><\/a><\/p>\n","protected":false},"author":1,"featured_media":0,"parent":0,"menu_order":0,"comment_status":"closed","ping_status":"closed","template":"","meta":{"footnotes":""},"class_list":["post-29","page","type-page","status-publish","hentry"],"_links":{"self":[{"href":"http:\/\/frpg.pl\/index.php?rest_route=\/wp\/v2\/pages\/29","targetHints":{"allow":["GET"]}}],"collection":[{"href":"http:\/\/frpg.pl\/index.php?rest_route=\/wp\/v2\/pages"}],"about":[{"href":"http:\/\/frpg.pl\/index.php?rest_route=\/wp\/v2\/types\/page"}],"author":[{"embeddable":true,"href":"http:\/\/frpg.pl\/index.php?rest_route=\/wp\/v2\/users\/1"}],"replies":[{"embeddable":true,"href":"http:\/\/frpg.pl\/index.php?rest_route=%2Fwp%2Fv2%2Fcomments&post=29"}],"version-history":[{"count":5,"href":"http:\/\/frpg.pl\/index.php?rest_route=\/wp\/v2\/pages\/29\/revisions"}],"predecessor-version":[{"id":388,"href":"http:\/\/frpg.pl\/index.php?rest_route=\/wp\/v2\/pages\/29\/revisions\/388"}],"wp:attachment":[{"href":"http:\/\/frpg.pl\/index.php?rest_route=%2Fwp%2Fv2%2Fmedia&parent=29"}],"curies":[{"name":"wp","href":"https:\/\/api.w.org\/{rel}","templated":true}]}}