{"id":229,"date":"2024-01-12T07:01:05","date_gmt":"2024-01-12T06:01:05","guid":{"rendered":"http:\/\/xn--czynasgminamaszewo-hcc33j.pl\/?page_id=229"},"modified":"2024-12-13T10:37:02","modified_gmt":"2024-12-13T09:37:02","slug":"materialy-promocyjne-do-pobrania","status":"publish","type":"page","link":"http:\/\/frpg.pl\/?page_id=229","title":{"rendered":"Materia\u0142y promocyjne do pobrania"},"content":{"rendered":"\n<p>Logo Fundacji Region Powiat Gmina (jpg, rgb)<\/p>\n\n\n\n<figure class=\"wp-block-image size-large\"><a href=\"http:\/\/frpg.pl\/wp-content\/uploads\/2024\/12\/logo-FundacjaRegionPowiatGmina.jpg\"><img loading=\"lazy\" decoding=\"async\" width=\"1024\" height=\"915\" src=\"http:\/\/frpg.pl\/wp-content\/uploads\/2024\/12\/logo-FundacjaRegionPowiatGmina-1024x915.jpg\" alt=\"\" class=\"wp-image-518\" srcset=\"http:\/\/frpg.pl\/wp-content\/uploads\/2024\/12\/logo-FundacjaRegionPowiatGmina-1024x915.jpg 1024w, http:\/\/frpg.pl\/wp-content\/uploads\/2024\/12\/logo-FundacjaRegionPowiatGmina-300x268.jpg 300w, http:\/\/frpg.pl\/wp-content\/uploads\/2024\/12\/logo-FundacjaRegionPowiatGmina-768x687.jpg 768w, http:\/\/frpg.pl\/wp-content\/uploads\/2024\/12\/logo-FundacjaRegionPowiatGmina-1536x1373.jpg 1536w, http:\/\/frpg.pl\/wp-content\/uploads\/2024\/12\/logo-FundacjaRegionPowiatGmina-2048x1831.jpg 2048w\" sizes=\"auto, (max-width: 767px) 89vw, (max-width: 1000px) 54vw, (max-width: 1071px) 543px, 580px\" \/><\/a><\/figure>\n\n\n\n<p>T\u0142o (jpg, rgb)<\/p>\n\n\n\n<p>Logo Fundacji \u0141\u0105czy nas Gmina Maszewo (pdf)<\/p>\n\n\n\n<div data-wp-interactive=\"core\/file\" class=\"wp-block-file\"><object data-wp-bind--hidden=\"!state.hasPdfPreview\" hidden class=\"wp-block-file__embed\" data=\"http:\/\/frpg.pl\/wp-content\/uploads\/2024\/12\/logo-FundacjaRegionPowiatGmina-1.pdf\" type=\"application\/pdf\" style=\"width:100%;height:600px\" aria-label=\"Osadzone z logo FundacjaRegionPowiatGmina.\"><\/object><a id=\"wp-block-file--media-6db6851a-4296-440b-93b0-18c15f6a3204\" href=\"http:\/\/frpg.pl\/wp-content\/uploads\/2024\/12\/logo-FundacjaRegionPowiatGmina-1.pdf\">logo FundacjaRegionPowiatGmina<\/a><a href=\"http:\/\/frpg.pl\/wp-content\/uploads\/2024\/12\/logo-FundacjaRegionPowiatGmina-1.pdf\" class=\"wp-block-file__button wp-element-button\" download aria-describedby=\"wp-block-file--media-6db6851a-4296-440b-93b0-18c15f6a3204\">Pobierz<\/a><\/div>\n\n\n\n<p><\/p>\n","protected":false},"excerpt":{"rendered":"<p>Logo Fundacji Region Powiat Gmina (jpg, rgb) T\u0142o (jpg, rgb) Logo Fundacji \u0141\u0105czy nas Gmina Maszewo (pdf)<\/p>\n","protected":false},"author":1,"featured_media":0,"parent":0,"menu_order":0,"comment_status":"closed","ping_status":"closed","template":"","meta":{"footnotes":""},"class_list":["post-229","page","type-page","status-publish","hentry"],"_links":{"self":[{"href":"http:\/\/frpg.pl\/index.php?rest_route=\/wp\/v2\/pages\/229","targetHints":{"allow":["GET"]}}],"collection":[{"href":"http:\/\/frpg.pl\/index.php?rest_route=\/wp\/v2\/pages"}],"about":[{"href":"http:\/\/frpg.pl\/index.php?rest_route=\/wp\/v2\/types\/page"}],"author":[{"embeddable":true,"href":"http:\/\/frpg.pl\/index.php?rest_route=\/wp\/v2\/users\/1"}],"replies":[{"embeddable":true,"href":"http:\/\/frpg.pl\/index.php?rest_route=%2Fwp%2Fv2%2Fcomments&post=229"}],"version-history":[{"count":8,"href":"http:\/\/frpg.pl\/index.php?rest_route=\/wp\/v2\/pages\/229\/revisions"}],"predecessor-version":[{"id":524,"href":"http:\/\/frpg.pl\/index.php?rest_route=\/wp\/v2\/pages\/229\/revisions\/524"}],"wp:attachment":[{"href":"http:\/\/frpg.pl\/index.php?rest_route=%2Fwp%2Fv2%2Fmedia&parent=229"}],"curies":[{"name":"wp","href":"https:\/\/api.w.org\/{rel}","templated":true}]}}